{"id":42,"date":"2019-06-02T21:15:03","date_gmt":"2019-06-02T19:15:03","guid":{"rendered":"http:\/\/welschontour.travel.blog\/?page_id=42"},"modified":"2025-07-16T15:30:47","modified_gmt":"2025-07-16T13:30:47","slug":"homepage","status":"publish","type":"page","link":"https:\/\/welschontour.de\/","title":{"rendered":"Willkommen auf Welsch on Tour"},"content":{"rendered":"\n<p>Auf unserer Seite werden wir von unseren gro\u00dfen und kleinen Abenteuern berichten, die wir so erleben. Seid dem November 2016 ist die Fotografie ein gro\u00dfer Bestandteil dieser Aktivit\u00e4ten, ja des \u00d6fteren ist sie sogar der Initiator eines Ausflugs oder einer Reise.<\/p>\n\n\n\n<p>Wir haben noch viel vor, wollen noch einiges sehen und erkunden und dabei immer mit der Kamera unterwegs sein. Wir freuen uns immer, wenn Ihr mit dabei seid!<\/p>\n\n\n\n<hr class=\"wp-block-separator has-alpha-channel-opacity is-style-dots\"\/>\n\n\n\n<h3 class=\"wp-block-heading\">Sommer 2025 &#8211; Es geht wieder in die Berge!<\/h3>\n\n\n\n<p>Schon wieder Berge? Genau! Und zwar geht&#8217;s nochmal ins<strong> Tannheimer Tal<\/strong>!<\/p>\n\n\n\n<p>Das Tannheimer Tal ist ein Hochtal in den Allg\u00e4uer Alpen, das bereits zu Tirol, \u00d6sterreich geh\u00f6rt. Im Gegensatz zum Kleinwalsertal, das ansonsten sehr vergleichbar und auch nicht allzuweit entfernt ist, ist das Tannheimer Tal ein Durchgangstal, man erreicht es aus zwei verschiedenen Richtungen.<\/p>\n\n\n\n<p>Wir haben schon im letzten Jahr das Tannheimer Tal besucht &#8211; aber l\u00e4ngst nicht alles abwandern k\u00f6nnen. Daher steht es in diesem Jahr einfach nochmal auf dem Plan &#8211; es ist aber auch einfach sch\u00f6n da!<\/p>\n\n\n\n<p>Auch bez\u00fcglich unserer Unterkunft sind wir sehr gespannt, denn wir haben ein Blockhaus gefunden am Rand von Tannheim, das uns zu sechst (!) in zwei Wohnungen entsprechend Platz bietet und zumindest von den Bildern und dem letztj\u00e4hrigen Blick von Weitem viel verspricht.<\/p>\n\n\n\n<p>Wir freuen uns schon auf August, am 17.08. geht&#8217;s dan los! Die letztj\u00e4hrigen Touren finden sich <a href=\"https:\/\/welschontour.de\/?page_id=3569\" data-type=\"page\" data-id=\"3569\" target=\"_blank\" rel=\"noreferrer noopener\">hier<\/a>.<\/p>\n\n\n\n<p>Viel Spa\u00df,<\/p>\n\n\n\n<p>Michaela und Mathias<\/p>\n\n\n\n<p><\/p>\n","protected":false},"excerpt":{"rendered":"<p>Auf unserer Seite werden wir von unseren gro\u00dfen und kleinen Abenteuern berichten, die wir so erleben. Seid dem November 2016 ist die Fotografie ein gro\u00dfer Bestandteil dieser Aktivit\u00e4ten, ja des&#8230;<\/p>\n<div class=\"more-link-wrapper\"><a class=\"more-link\" href=\"https:\/\/welschontour.de\/\">Weiterlesen<span class=\"screen-reader-text\">Willkommen auf Welsch on Tour<\/span><\/a><\/div>\n","protected":false},"author":2,"featured_media":3822,"parent":0,"menu_order":0,"comment_status":"closed","ping_status":"closed","template":"","meta":{"iawp_total_views":383,"footnotes":""},"class_list":["post-42","page","type-page","status-publish","has-post-thumbnail","hentry","excerpt"],"jetpack_sharing_enabled":true,"_links":{"self":[{"href":"https:\/\/welschontour.de\/index.php?rest_route=\/wp\/v2\/pages\/42","targetHints":{"allow":["GET"]}}],"collection":[{"href":"https:\/\/welschontour.de\/index.php?rest_route=\/wp\/v2\/pages"}],"about":[{"href":"https:\/\/welschontour.de\/index.php?rest_route=\/wp\/v2\/types\/page"}],"author":[{"embeddable":true,"href":"https:\/\/welschontour.de\/index.php?rest_route=\/wp\/v2\/users\/2"}],"replies":[{"embeddable":true,"href":"https:\/\/welschontour.de\/index.php?rest_route=%2Fwp%2Fv2%2Fcomments&post=42"}],"version-history":[{"count":0,"href":"https:\/\/welschontour.de\/index.php?rest_route=\/wp\/v2\/pages\/42\/revisions"}],"wp:featuredmedia":[{"embeddable":true,"href":"https:\/\/welschontour.de\/index.php?rest_route=\/wp\/v2\/media\/3822"}],"wp:attachment":[{"href":"https:\/\/welschontour.de\/index.php?rest_route=%2Fwp%2Fv2%2Fmedia&parent=42"}],"curies":[{"name":"wp","href":"https:\/\/api.w.org\/{rel}","templated":true}]}}