{"id":3919,"date":"2025-08-18T10:12:31","date_gmt":"2025-08-18T08:12:31","guid":{"rendered":"https:\/\/welschontour.de\/?page_id=3919"},"modified":"2025-08-18T17:56:33","modified_gmt":"2025-08-18T15:56:33","slug":"auf-nach-tannheim","status":"publish","type":"page","link":"https:\/\/welschontour.de\/?page_id=3919","title":{"rendered":"Tannheimer Tal 2025 \u2013 Tannheim"},"content":{"rendered":"\n<p>Es zieht uns wieder in Berge! Und mit der <a href=\"https:\/\/welschontour.de\/?page_id=3569\" data-type=\"page\" data-id=\"3569\" target=\"_blank\" rel=\"noreferrer noopener\">Erfahrung aus dem letzten Jahr<\/a> m\u00fcssen wir einfach ein zweites Mal ins Tannheimer Tal, denn es sind noch viele Touren nicht gemacht, der &#8222;Stempel-Hunter&#8220; braucht noch den einen oder anderen Stempel; letztlich sind die Berge und T\u00e4ler hier einfach sch\u00f6n!<\/p>\n\n\n\n<p>Anders als gedacht sind wir nicht weniger, sondern mehr als beim letzten Mal &#8211; wir kommen zu sechst (!), und daher auch mit zwei Autos und brauchen zwei Wohnungen, damit man sich nicht zu sehr auf der Pelle hockt die ganze Zeit.<\/p>\n\n\n\n<p>Ob das gut geht? Wir hoffen es sehr und sind erstmal positiv.<\/p>\n\n\n\n<p>Philipp f\u00e4hrt das E-Auto &#8211; auch hier eine Neuerung: wir schaffen es nicht ganz in einem Rutsch &#8211; das hei\u00dft, ein Ladestopp muss schon sein, aber alles easy, wir haben Zeit. Wir fahren dieses Mal erst sonntags &#8211; der gro\u00dfe Stau am Samstag gibt uns recht, und ich denke, samstags zu fahren w\u00e4re echt Stress gewesen, denn wir haben bis Freitag Abend gearbeitet.<\/p>\n\n\n\n<p>Wir sind daher urlaubsreif wie selten und freuen uns einfach auf zwei hoffentlich unbeschwerte erholsame Wochen. Und jetzt geht&#8217;s aber wirklich los &#8211; <a href=\"https:\/\/welschontour.de\/?p=3905\">Tannheim wir kommen!<\/a><\/p>\n\n\n\n<p>Sch\u00f6n, dass ihr mitwandert!<\/p>\n\n\n\n<p>Michaela und Mathias<\/p>\n\n\n\n<p><\/p>\n","protected":false},"excerpt":{"rendered":"<p>Es zieht uns wieder in Berge! Und mit der Erfahrung aus dem letzten Jahr m\u00fcssen wir einfach ein zweites Mal ins Tannheimer Tal, denn es sind noch viele Touren nicht&#8230;<\/p>\n<div class=\"more-link-wrapper\"><a class=\"more-link\" href=\"https:\/\/welschontour.de\/?page_id=3919\">Weiterlesen<span class=\"screen-reader-text\">Tannheimer Tal 2025 \u2013 Tannheim<\/span><\/a><\/div>\n","protected":false},"author":1,"featured_media":3911,"parent":28,"menu_order":0,"comment_status":"closed","ping_status":"closed","template":"","meta":{"iawp_total_views":54,"footnotes":""},"class_list":["post-3919","page","type-page","status-publish","has-post-thumbnail","hentry","excerpt"],"jetpack_sharing_enabled":true,"_links":{"self":[{"href":"https:\/\/welschontour.de\/index.php?rest_route=\/wp\/v2\/pages\/3919","targetHints":{"allow":["GET"]}}],"collection":[{"href":"https:\/\/welschontour.de\/index.php?rest_route=\/wp\/v2\/pages"}],"about":[{"href":"https:\/\/welschontour.de\/index.php?rest_route=\/wp\/v2\/types\/page"}],"author":[{"embeddable":true,"href":"https:\/\/welschontour.de\/index.php?rest_route=\/wp\/v2\/users\/1"}],"replies":[{"embeddable":true,"href":"https:\/\/welschontour.de\/index.php?rest_route=%2Fwp%2Fv2%2Fcomments&post=3919"}],"version-history":[{"count":0,"href":"https:\/\/welschontour.de\/index.php?rest_route=\/wp\/v2\/pages\/3919\/revisions"}],"up":[{"embeddable":true,"href":"https:\/\/welschontour.de\/index.php?rest_route=\/wp\/v2\/pages\/28"}],"wp:featuredmedia":[{"embeddable":true,"href":"https:\/\/welschontour.de\/index.php?rest_route=\/wp\/v2\/media\/3911"}],"wp:attachment":[{"href":"https:\/\/welschontour.de\/index.php?rest_route=%2Fwp%2Fv2%2Fmedia&parent=3919"}],"curies":[{"name":"wp","href":"https:\/\/api.w.org\/{rel}","templated":true}]}}