{"id":376,"date":"2019-06-22T16:03:35","date_gmt":"2019-06-22T14:03:35","guid":{"rendered":"http:\/\/welschontour.travel.blog\/?page_id=376"},"modified":"2019-08-18T19:15:37","modified_gmt":"2019-08-18T17:15:37","slug":"bretagne-2019-locquirec","status":"publish","type":"page","link":"https:\/\/welschontour.de\/?page_id=376","title":{"rendered":"Bretagne 2019 &#8211; Locquirec"},"content":{"rendered":"\n<p>Die Pfingstferien sind unsere liebste Urlaubszeit! Das hat zwei Gr\u00fcnde: Zum einen ist es im Mai\/Juni in der Regel bereits sch\u00f6n warm, aber noch nicht allzu hei\u00df. Zum anderen haben nur Baden-W\u00fcrttemberg und Bayern zwei Wochen Pfingstferien, weder andere Bundesl\u00e4nder noch die Franzosen selbst haben Ferien &#8211; zumindest nicht ganze zwei Wochen. Und da zu dieser Zeit unser bevorzugtes Ferienziel Frankreich hei\u00dft, sind die Hotspots und Str\u00e4nde noch nicht allzusehr \u00fcberlaufen.<\/p>\n\n\n\n<p>Aus einer eher zuf\u00e4lligen Inspiration heraus &#8211; ein H\u00f6rbuch des &#8222;Kommisar Dupin&#8220;, der in der Bretagne seine diversen Kriminalf\u00e4lle l\u00f6st &#8211; kamen wir auf die Idee, uns doch diesen Bereich Frankreichs einmal n\u00e4her anzuschauen. Unser bisherigen Erfahrungen beschr\u00e4nkten sich auf S\u00fcdfrankreich &#8211; auch wundersch\u00f6n!<\/p>\n\n\n\n<p>Nicht zuletzt der legend\u00e4ren K\u00fcstenregion und maritimen K\u00fcche wegen sowie der Fotomotive, die das <strong>Finist\u00e8re<\/strong> und die<strong> C\u00f4te de Granit rose<\/strong> versprechen, lautete dieses Jahr also unser Ziel: <strong>Bretagne<\/strong>!<\/p>\n\n\n\n<figure class=\"wp-block-image\"><a href=\"\/wp-content\/uploads\/2019\/06\/karte.jpg\" target=\"_blank\" rel=\"noreferrer noopener\"><img decoding=\"async\" src=\"\/wp-content\/uploads\/2019\/08\/Karte.jpg\" alt=\"\" class=\"wp-image-434\"\/><\/a><figcaption>Unsere Ziele (Klick f\u00fcr Vergr\u00f6\u00dferung!)<\/figcaption><\/figure>\n\n\n\n<p>Nach ausf\u00fchrlicher Recherche fanden wir ein Ferienhaus in <strong>Locquirec<\/strong>, am westlichen Ende der C\u00f4te de Granit rose. Ein sch\u00f6nes kleines St\u00e4dtchen mit s\u00fc\u00dfem Hafen, leckeren Restaurants und fantastischen Str\u00e4nden!<\/p>\n\n\n\n<p>In diesem unserem Reiseblog k\u00f6nnt ihr uns bei unserer Reise begleiten, unsere Favoriten und auch nicht so tollen Erfahrungen mit uns teilen oder vielleicht sogar die eine oder andere Idee f\u00fcr euren eigenen Bretagne-Urlaub finden.<\/p>\n\n\n\n<p>Wir w\u00fcnschen Euch dabei viel Spa\u00df!<\/p>\n\n\n\n<p>Michaela und Mathias <\/p>\n","protected":false},"excerpt":{"rendered":"<p>Die Pfingstferien sind unsere liebste Urlaubszeit! Das hat zwei Gr\u00fcnde: Zum einen ist es im Mai\/Juni in der Regel bereits sch\u00f6n warm, aber noch nicht allzu hei\u00df. Zum anderen haben&#8230;<\/p>\n<div class=\"more-link-wrapper\"><a class=\"more-link\" href=\"https:\/\/welschontour.de\/?page_id=376\">Weiterlesen<span class=\"screen-reader-text\">Bretagne 2019 &#8211; Locquirec<\/span><\/a><\/div>\n","protected":false},"author":1,"featured_media":1002,"parent":28,"menu_order":0,"comment_status":"closed","ping_status":"closed","template":"","meta":{"iawp_total_views":20,"footnotes":""},"class_list":["post-376","page","type-page","status-publish","has-post-thumbnail","hentry","excerpt"],"jetpack_sharing_enabled":true,"_links":{"self":[{"href":"https:\/\/welschontour.de\/index.php?rest_route=\/wp\/v2\/pages\/376","targetHints":{"allow":["GET"]}}],"collection":[{"href":"https:\/\/welschontour.de\/index.php?rest_route=\/wp\/v2\/pages"}],"about":[{"href":"https:\/\/welschontour.de\/index.php?rest_route=\/wp\/v2\/types\/page"}],"author":[{"embeddable":true,"href":"https:\/\/welschontour.de\/index.php?rest_route=\/wp\/v2\/users\/1"}],"replies":[{"embeddable":true,"href":"https:\/\/welschontour.de\/index.php?rest_route=%2Fwp%2Fv2%2Fcomments&post=376"}],"version-history":[{"count":0,"href":"https:\/\/welschontour.de\/index.php?rest_route=\/wp\/v2\/pages\/376\/revisions"}],"up":[{"embeddable":true,"href":"https:\/\/welschontour.de\/index.php?rest_route=\/wp\/v2\/pages\/28"}],"wp:featuredmedia":[{"embeddable":true,"href":"https:\/\/welschontour.de\/index.php?rest_route=\/wp\/v2\/media\/1002"}],"wp:attachment":[{"href":"https:\/\/welschontour.de\/index.php?rest_route=%2Fwp%2Fv2%2Fmedia&parent=376"}],"curies":[{"name":"wp","href":"https:\/\/api.w.org\/{rel}","templated":true}]}}