{"id":3569,"date":"2024-07-21T12:56:23","date_gmt":"2024-07-21T10:56:23","guid":{"rendered":"https:\/\/welschontour.de\/?page_id=3569"},"modified":"2024-07-27T19:08:15","modified_gmt":"2024-07-27T17:08:15","slug":"tannheimer-tal-2024-tannheim","status":"publish","type":"page","link":"https:\/\/welschontour.de\/?page_id=3569","title":{"rendered":"Tannheimer Tal 2024 &#8211; Tannheim"},"content":{"rendered":"\n<p>Es rufen die Berge! Ich h\u00f6r es deutlich&#8230;! \ud83d\ude09<\/p>\n\n\n\n<p>Soll hei\u00dfen, wir sind urlaubsreif und die Aussicht auf zwei Wochen in den Allg\u00e4uer Alpen l\u00e4sst die Vorfreude steigen! Es geht ins <strong>Tannheimer Tal<\/strong>, ein Hochtal der Allg\u00e4uer Alpen auf \u00f6sterreichischer Seite und unweit des Kleinwalsertals, das wir ja bereits sehr gut kennen. <\/p>\n\n\n\n<p>Die Berge hier sind nicht unbedingt so hochalpin, wie beispielsweise im Zillertal oder Stubaital, wo man den Rest der Gletscher findet und auf 3.200m hoch kann. Wir sind hier maximal auf 2.500 m H\u00f6he unterwegs. Aber von allem, was wir bisher gesehen, geh\u00f6rt und gelesen haben, ist das Tannheimer <em>einfach nur sch\u00f6n<\/em> und die umgebende Bergwelt ein Erlebnis!<\/p>\n\n\n\n<figure class=\"wp-block-gallery aligncenter has-nested-images columns-default is-cropped wp-block-gallery-1 is-layout-flex wp-block-gallery-is-layout-flex\"><div class=\"wp-block-image\">\n<figure class=\"aligncenter size-large\"><img loading=\"lazy\" decoding=\"async\" width=\"1024\" height=\"527\" data-id=\"3572\" src=\"https:\/\/welschontour.de\/wp-content\/uploads\/2024\/07\/TannheimerTal-Map-1-1024x527.jpg\" alt=\"\" class=\"wp-image-3572\" srcset=\"https:\/\/welschontour.de\/wp-content\/uploads\/2024\/07\/TannheimerTal-Map-1-1024x527.jpg 1024w, https:\/\/welschontour.de\/wp-content\/uploads\/2024\/07\/TannheimerTal-Map-1-300x155.jpg 300w, https:\/\/welschontour.de\/wp-content\/uploads\/2024\/07\/TannheimerTal-Map-1-768x396.jpg 768w, https:\/\/welschontour.de\/wp-content\/uploads\/2024\/07\/TannheimerTal-Map-1.jpg 1400w\" sizes=\"auto, (max-width: 1024px) 100vw, 1024px\" \/><\/figure>\n<\/div><\/figure>\n\n\n\n<p>Das <strong>Tannheimer Tal<\/strong> ist im Gegensatz zum Kleinwalsertal ein Durchgangstal, auf deutscher Seite zu erreichen \u00fcber Sonthofen und Bad Hindelang bzw. \u00fcber Pfronten, von \u00f6sterreichischer Seite von Reutte und Wei\u00dfenbach.<\/p>\n\n\n\n<p>Unser Domizil liegt mittig in Tannheim unweit der Talstation der <strong>Neunerk\u00f6pfle Bahn<\/strong>. Das Neunerk\u00f6pfle ist somit sozusagen unser Hausberg und wird sicherlich in der Liste unserer Touren auftauchen.<\/p>\n\n\n\n<p>Als spezielles Highlight in diesem Jahr machen wir in der zweiten Woche auch noch einen Abstecher an den Bodensee zu den <strong>Bregenzer Festspielen<\/strong>! Gegeben wird <a rel=\"noreferrer noopener\" href=\"https:\/\/de.wikipedia.org\/wiki\/Der_Freisch%C3%BCtz\" target=\"_blank\">&#8222;Der Freisch\u00fctz&#8220; von Carl Maria von Weber<\/a>. Wir sind schon seeehr gespannt!<\/p>\n\n\n\n<p>Die Vorfreude steigt und jetzt geht&#8217;s los! Und zwar <a href=\"https:\/\/welschontour.de\/?p=3588\">genau hier<\/a>!<\/p>\n\n\n\n<p>Viel Spa\u00df beim Mitwandern!<\/p>\n\n\n\n<p>Michaela und Mathias<\/p>\n","protected":false},"excerpt":{"rendered":"<p>Es rufen die Berge! Ich h\u00f6r es deutlich&#8230;! \ud83d\ude09 Soll hei\u00dfen, wir sind urlaubsreif und die Aussicht auf zwei Wochen in den Allg\u00e4uer Alpen l\u00e4sst die Vorfreude steigen! Es geht&#8230;<\/p>\n<div class=\"more-link-wrapper\"><a class=\"more-link\" href=\"https:\/\/welschontour.de\/?page_id=3569\">Weiterlesen<span class=\"screen-reader-text\">Tannheimer Tal 2024 &#8211; Tannheim<\/span><\/a><\/div>\n","protected":false},"author":1,"featured_media":3616,"parent":28,"menu_order":0,"comment_status":"closed","ping_status":"closed","template":"","meta":{"iawp_total_views":93,"footnotes":""},"class_list":["post-3569","page","type-page","status-publish","has-post-thumbnail","hentry","excerpt"],"jetpack_sharing_enabled":true,"_links":{"self":[{"href":"https:\/\/welschontour.de\/index.php?rest_route=\/wp\/v2\/pages\/3569","targetHints":{"allow":["GET"]}}],"collection":[{"href":"https:\/\/welschontour.de\/index.php?rest_route=\/wp\/v2\/pages"}],"about":[{"href":"https:\/\/welschontour.de\/index.php?rest_route=\/wp\/v2\/types\/page"}],"author":[{"embeddable":true,"href":"https:\/\/welschontour.de\/index.php?rest_route=\/wp\/v2\/users\/1"}],"replies":[{"embeddable":true,"href":"https:\/\/welschontour.de\/index.php?rest_route=%2Fwp%2Fv2%2Fcomments&post=3569"}],"version-history":[{"count":0,"href":"https:\/\/welschontour.de\/index.php?rest_route=\/wp\/v2\/pages\/3569\/revisions"}],"up":[{"embeddable":true,"href":"https:\/\/welschontour.de\/index.php?rest_route=\/wp\/v2\/pages\/28"}],"wp:featuredmedia":[{"embeddable":true,"href":"https:\/\/welschontour.de\/index.php?rest_route=\/wp\/v2\/media\/3616"}],"wp:attachment":[{"href":"https:\/\/welschontour.de\/index.php?rest_route=%2Fwp%2Fv2%2Fmedia&parent=3569"}],"curies":[{"name":"wp","href":"https:\/\/api.w.org\/{rel}","templated":true}]}}