{"id":3316,"date":"2023-08-13T21:17:01","date_gmt":"2023-08-13T19:17:01","guid":{"rendered":"https:\/\/welschontour.de\/?page_id=3316"},"modified":"2023-08-14T08:59:54","modified_gmt":"2023-08-14T06:59:54","slug":"bretagne-2023-moe1an-sur-mer","status":"publish","type":"page","link":"https:\/\/welschontour.de\/?page_id=3316","title":{"rendered":"Bretagne 2023 &#8211; Mo\u00eblan-sur-Mer"},"content":{"rendered":"\n<p>Nach 2019 steht in diesem Jahr wieder die Bretagne auf unserem Reiseplan! 2019 hatten wir die Nordk\u00fcste mit der <strong>C\u00f4te de Granit Rose<\/strong> besucht und ausgiebig erkundschaftet. In diesem Jahr geht es nun mehr in die Richtung der &#8222;Tatorte des Kommissar Dupin&#8220;, nach <strong>Mo\u00eblan-sur-Mer<\/strong> in die N\u00e4he der ber\u00fchmten St\u00e4dte <strong>Concarneau <\/strong>und <strong>Pont Aven<\/strong>, dem K\u00fcnstlerst\u00e4dtchen.<\/p>\n\n\n\n<figure class=\"wp-block-image size-large\"><img loading=\"lazy\" decoding=\"async\" width=\"1024\" height=\"717\" src=\"https:\/\/welschontour.de\/wp-content\/uploads\/2023\/08\/Uebersichtskarte-1024x717.jpg\" alt=\"\" class=\"wp-image-3320\" srcset=\"https:\/\/welschontour.de\/wp-content\/uploads\/2023\/08\/Uebersichtskarte-1024x717.jpg 1024w, https:\/\/welschontour.de\/wp-content\/uploads\/2023\/08\/Uebersichtskarte-300x210.jpg 300w, https:\/\/welschontour.de\/wp-content\/uploads\/2023\/08\/Uebersichtskarte-768x538.jpg 768w, https:\/\/welschontour.de\/wp-content\/uploads\/2023\/08\/Uebersichtskarte.jpg 1107w\" sizes=\"auto, (max-width: 1024px) 100vw, 1024px\" \/><\/figure>\n\n\n\n<p>Wir haben ein nettes H\u00e4uschen gefunden mit gen\u00fcgend Platz, denn es sind alle nochmal dabei!<\/p>\n\n\n\n<p>Wir freuen uns auf die n\u00e4chsten Tage und erwarten tats\u00e4chlich sch\u00f6nes Wetter, nachdem es die letzten Wochen meist nur geregnet hat. Micha hat ein sch\u00f6nes und abwechslungsreiches Programm gebastelt, es geht aber auch wieder darum, mal Abstand zu gewinnen vom Alltag, zu entspannen und doch ab und zu Neues zu entdecken.<\/p>\n\n\n\n<p>Sch\u00f6n, dass ihr wieder mit dabei seid!<\/p>\n\n\n\n<p>Liebe Gr\u00fc\u00dfe und <a href=\"https:\/\/welschontour.de\/?p=3337\">los geht&#8217;s<\/a>!<\/p>\n\n\n\n<p>Mathias und Michaela<\/p>\n","protected":false},"excerpt":{"rendered":"<p>Nach 2019 steht in diesem Jahr wieder die Bretagne auf unserem Reiseplan! 2019 hatten wir die Nordk\u00fcste mit der C\u00f4te de Granit Rose besucht und ausgiebig erkundschaftet. In diesem Jahr&#8230;<\/p>\n<div class=\"more-link-wrapper\"><a class=\"more-link\" href=\"https:\/\/welschontour.de\/?page_id=3316\">Weiterlesen<span class=\"screen-reader-text\">Bretagne 2023 &#8211; Mo\u00eblan-sur-Mer<\/span><\/a><\/div>\n","protected":false},"author":1,"featured_media":3319,"parent":28,"menu_order":0,"comment_status":"closed","ping_status":"closed","template":"","meta":{"iawp_total_views":150,"footnotes":""},"class_list":["post-3316","page","type-page","status-publish","has-post-thumbnail","hentry","excerpt"],"jetpack_sharing_enabled":true,"_links":{"self":[{"href":"https:\/\/welschontour.de\/index.php?rest_route=\/wp\/v2\/pages\/3316","targetHints":{"allow":["GET"]}}],"collection":[{"href":"https:\/\/welschontour.de\/index.php?rest_route=\/wp\/v2\/pages"}],"about":[{"href":"https:\/\/welschontour.de\/index.php?rest_route=\/wp\/v2\/types\/page"}],"author":[{"embeddable":true,"href":"https:\/\/welschontour.de\/index.php?rest_route=\/wp\/v2\/users\/1"}],"replies":[{"embeddable":true,"href":"https:\/\/welschontour.de\/index.php?rest_route=%2Fwp%2Fv2%2Fcomments&post=3316"}],"version-history":[{"count":0,"href":"https:\/\/welschontour.de\/index.php?rest_route=\/wp\/v2\/pages\/3316\/revisions"}],"up":[{"embeddable":true,"href":"https:\/\/welschontour.de\/index.php?rest_route=\/wp\/v2\/pages\/28"}],"wp:featuredmedia":[{"embeddable":true,"href":"https:\/\/welschontour.de\/index.php?rest_route=\/wp\/v2\/media\/3319"}],"wp:attachment":[{"href":"https:\/\/welschontour.de\/index.php?rest_route=%2Fwp%2Fv2%2Fmedia&parent=3316"}],"curies":[{"name":"wp","href":"https:\/\/api.w.org\/{rel}","templated":true}]}}