{"id":2893,"date":"2022-08-12T18:08:10","date_gmt":"2022-08-12T16:08:10","guid":{"rendered":"https:\/\/welschontour.de\/?page_id=2893"},"modified":"2022-08-12T18:09:05","modified_gmt":"2022-08-12T16:09:05","slug":"stubaital-2022-neustift","status":"publish","type":"page","link":"https:\/\/welschontour.de\/?page_id=2893","title":{"rendered":"Stubaital 2022 &#8211; Neustift"},"content":{"rendered":"\n<p><strong><em>Wieder zuhause!<\/em><\/strong> <\/p>\n\n\n\n<p>So kommt es uns vor, wenn wir kurz vor dem Brenner rechts abbiegen ins Stubaital und nach Neustift in Neu-Gasteig die Stra\u00dfe hochfahren zur &#8222;Alpenk\u00f6nigin&#8220;, unserem Domizil und Ausgangspunkt unserer Touren, in dem wir auch in diesem Jahr wieder wohnen.<\/p>\n\n\n\n<p>Klar, manche sagen: &#8222;Immer das Gleiche, wie langweilig!&#8220; &#8211; stimmt nicht.<\/p>\n\n\n\n<p>Das stimmt schon in normalen Jahren nicht. Das Tal bietet so viel, und wir haben noch einiges vor, die n\u00e4chsten Gipfel der <strong>Seven Summits<\/strong> und einige Touren, die wir bisher immer nur gesehen aber nicht geschafft haben. Bestimmt ist auch wieder was dabei, was wir ein zweites Mal machen, weil&#8217;s schon beim ersten Mal sch\u00f6n war. Darauf freuen wir uns!<\/p>\n\n\n\n<p>Allerdings ist in diesem Jahr auch einiges anders. Das Stubaital hat vor zwei Wochen heftige Unwetter mit Murrenabg\u00e4ngen erleben m\u00fcssen. Vieles, was nach dem Hochwasser und Unwetter 2015 instand gesetzt wurde, d\u00fcrfte wieder zerst\u00f6rt sein. Das ist leider traurige Wahrheit und direkt sp\u00fcrbare und erfahrbare Folge des Klimawandels.<\/p>\n\n\n\n<p>Das Tal kennt solche Ereignisse zwar, aber in den letzten Jahren h\u00e4ufen sie sich. Und ebenso dramatisch ist die Lage der Gletscher. Im letzten Jahr haben wir den Sulzenau Ferner gesehen, der massiv zur\u00fcckgeht, und bestimmt bald verschwunden ist.<\/p>\n\n\n\n<p>Wir werden sehen und berichten.<\/p>\n\n\n\n<p>Jetzt sind wir erst einmal freudig darauf gespannt, was uns erwartet. Sch\u00f6n, wenn ihr dabei seid, dann macht&#8217;s gleich nochmal mehr Spa\u00df!<\/p>\n\n\n\n<p>Viel Spa\u00df, Michaela und Mathias<\/p>\n","protected":false},"excerpt":{"rendered":"<p>Wieder zuhause! So kommt es uns vor, wenn wir kurz vor dem Brenner rechts abbiegen ins Stubaital und nach Neustift in Neu-Gasteig die Stra\u00dfe hochfahren zur &#8222;Alpenk\u00f6nigin&#8220;, unserem Domizil und&#8230;<\/p>\n<div class=\"more-link-wrapper\"><a class=\"more-link\" href=\"https:\/\/welschontour.de\/?page_id=2893\">Weiterlesen<span class=\"screen-reader-text\">Stubaital 2022 &#8211; Neustift<\/span><\/a><\/div>\n","protected":false},"author":1,"featured_media":2895,"parent":28,"menu_order":7,"comment_status":"closed","ping_status":"closed","template":"","meta":{"iawp_total_views":17,"footnotes":""},"class_list":["post-2893","page","type-page","status-publish","has-post-thumbnail","hentry","excerpt"],"jetpack_sharing_enabled":true,"_links":{"self":[{"href":"https:\/\/welschontour.de\/index.php?rest_route=\/wp\/v2\/pages\/2893","targetHints":{"allow":["GET"]}}],"collection":[{"href":"https:\/\/welschontour.de\/index.php?rest_route=\/wp\/v2\/pages"}],"about":[{"href":"https:\/\/welschontour.de\/index.php?rest_route=\/wp\/v2\/types\/page"}],"author":[{"embeddable":true,"href":"https:\/\/welschontour.de\/index.php?rest_route=\/wp\/v2\/users\/1"}],"replies":[{"embeddable":true,"href":"https:\/\/welschontour.de\/index.php?rest_route=%2Fwp%2Fv2%2Fcomments&post=2893"}],"version-history":[{"count":0,"href":"https:\/\/welschontour.de\/index.php?rest_route=\/wp\/v2\/pages\/2893\/revisions"}],"up":[{"embeddable":true,"href":"https:\/\/welschontour.de\/index.php?rest_route=\/wp\/v2\/pages\/28"}],"wp:featuredmedia":[{"embeddable":true,"href":"https:\/\/welschontour.de\/index.php?rest_route=\/wp\/v2\/media\/2895"}],"wp:attachment":[{"href":"https:\/\/welschontour.de\/index.php?rest_route=%2Fwp%2Fv2%2Fmedia&parent=2893"}],"curies":[{"name":"wp","href":"https:\/\/api.w.org\/{rel}","templated":true}]}}