{"id":2836,"date":"2022-08-07T13:33:58","date_gmt":"2022-08-07T11:33:58","guid":{"rendered":"https:\/\/welschontour.de\/?page_id=2836"},"modified":"2022-08-07T15:26:15","modified_gmt":"2022-08-07T13:26:15","slug":"steirisches-salzkammergut-altaussee-2022","status":"publish","type":"page","link":"https:\/\/welschontour.de\/?page_id=2836","title":{"rendered":"Salzkammergut 2022 &#8211; Altaussee"},"content":{"rendered":"\n<p>Ein Kurztripp nach dem Motto:<\/p>\n\n\n\n<blockquote class=\"wp-block-quote is-layout-flow wp-block-quote-is-layout-flow\"><p><em>Erstens kommt es anders und zweitens als man denkt<\/em>!<br>oder<br><em>Habe einen Plan! (&#8230;auch wenn der Plan sehr schnell obsolet wird.)<\/em><\/p><cite>Autor unbekannt<\/cite><\/blockquote>\n\n\n\n<p><strong>Altaussee <\/strong>&#8211; ein Sehnsuchtsort! Der geschichtstr\u00e4chtige Ort im Steirischen Salzkammergut liegt malerisch in der N\u00e4he von Bad Ischl, nahe der gro\u00dfen Schwester Bad Aussee in einer Sackgassee am Fu\u00dfe des &#8222;Loser&#8220; (hier im Titelbild) und der &#8222;Trisselwand&#8220; am Altausseer See.<\/p>\n\n\n\n<p>Altaussee  erlangte in mehrfacher Hinsicht eine gewisse Ber\u00fchmtheit in der Vergangenheit. Das Salzkammergut birgt es bereits im Namen, hier wird in Bergwerksstollen Salz abgebaut. Das steirische Salz ist ber\u00fchmt. Die Salzstollen von Altaussee allerdings kennt man auch aus der dunklen Geschichte des 20. Jahrhunderts.<\/p>\n\n\n\n<p>Die Nationalsozialisten haben beim Untergang des III. Reiches ihre Raubkunst hier versteckt in einem Salzbergwerk. Hitler wollte die gr\u00f6\u00dfte Kunstsammlung der Welt in Berlin aufbauen und sich daf\u00fcr von <a href=\"https:\/\/de.wikipedia.org\/wiki\/Albert_Speer\" data-type=\"URL\" data-id=\"https:\/\/de.wikipedia.org\/wiki\/Albert_Speer\">Albert Speer<\/a> im Rahmen der <a rel=\"noreferrer noopener\" href=\"https:\/\/de.wikipedia.org\/wiki\/Albert_Speer#\/media\/Datei:Bundesarchiv_Bild_146III-373,_Modell_der_Neugestaltung_Berlins_(%22Germania%22).jpg\" target=\"_blank\">Neugestaltung Berlins<\/a> riesige tempelartige Museen bauen lassen. Die Kunst wurde aus ganz Europa zusammengeraubt, vorallem aus Frankreich und Italien, aber auch Osteuropa. F\u00fcr Filmbegeisterte: <a rel=\"noreferrer noopener\" href=\"https:\/\/de.wikipedia.org\/wiki\/Ein_Dorf_wehrt_sich\" target=\"_blank\">&#8222;Ein Dorf wehrt sich&#8220;<\/a> oder <a rel=\"noreferrer noopener\" href=\"https:\/\/de.wikipedia.org\/wiki\/Monuments_Men_%E2%80%93_Ungew%C3%B6hnliche_Helden\" target=\"_blank\">&#8222;Monuments Men&#8220;<\/a>.<\/p>\n\n\n\n<p>Noch w\u00e4hrend des 2. Weltkrieges \u00f6ffnete sich allerdings ein neues und sch\u00f6neres Kapitel Altausses, im Juni 1943 wurde <a rel=\"noreferrer noopener\" href=\"https:\/\/de.wikipedia.org\/wiki\/Klaus_Maria_Brandauer\" target=\"_blank\">Klaus-Maria Brandauer<\/a> hier (bzw. in Bad Aussee) geboren, in Altaussee verbrachte er seine Jugend bei den Gro\u00dfeltern.<\/p>\n\n\n\n<p>Die malerische Lage des Dorfes am Altausser See und zu F\u00fc\u00dfen der beiden Hausberge &#8222;Loser&#8220; und &#8222;Trisselwand&#8220; inspirierte auch die Macher des James Bond-Films <a rel=\"noreferrer noopener\" href=\"https:\/\/de.wikipedia.org\/wiki\/James_Bond_007:_Spectre\" target=\"_blank\">&#8222;Spectre&#8220;<\/a> dazu, eine der Anfangsszenen hier zu drehen, in der Daniel Craig im Boot \u00fcber den See zum <a rel=\"noreferrer noopener\" href=\"https:\/\/de.wikipedia.org\/wiki\/James_Bond_007:_Spectre#\/media\/Datei:Altaussee_Jagdhaus_Seewiese-2.jpg\" target=\"_blank\">Jagdhaus Seewiese<\/a> f\u00e4hrt&#8230; der Rest ist Geschichte.<\/p>\n\n\n\n<p>Aber auch f\u00fcr uns hat Altaussee eine gewisse Historie. Bestimmt rund 20 Jahre lang war Altaussee der Urlaubsort der Familie von Michaela, im Wechsel mit Sylt. Also, alle zwei Jahre wurde hier gewandert, im Altausseer See gebadet und sicherlich auch der ein oder andere Zirbenschnaps konsumiert &#8211; es gibt Schlimmeres! \ud83d\ude42 Auch wir haben als Familie hier schon zwei Urlaube verbracht &#8211; es ist einfach sch\u00f6n hier!<\/p>\n\n\n\n<p>Der urspr\u00fcngliche Plan war daher, nach vielen Jahren nochmal nach Altaussee zur\u00fcckzukehren zusammen mit Michaelas Mutter und Bruder &#8211; und noch einmal die alten Geschichten zu h\u00f6ren, die alten Wege zu gehen, das leckere Essen zu genie\u00dfen &#8211; einfach nochmal ein paar sch\u00f6ne Tage hier zu verbringen. Soweit der Plan. Wie schon oben gesagt, meistens kommst anders &#8211; und es kam anders.<\/p>\n\n\n\n<p>Sch\u00f6n war&#8217;s trotzdem! Aber lest selbst&#8230; viel Spa\u00df!<\/p>\n","protected":false},"excerpt":{"rendered":"<p>Ein Kurztripp nach dem Motto: Erstens kommt es anders und zweitens als man denkt!oderHabe einen Plan! (&#8230;auch wenn der Plan sehr schnell obsolet wird.) Autor unbekannt Altaussee &#8211; ein Sehnsuchtsort!&#8230;<\/p>\n<div class=\"more-link-wrapper\"><a class=\"more-link\" href=\"https:\/\/welschontour.de\/?page_id=2836\">Weiterlesen<span class=\"screen-reader-text\">Salzkammergut 2022 &#8211; Altaussee<\/span><\/a><\/div>\n","protected":false},"author":1,"featured_media":2841,"parent":28,"menu_order":6,"comment_status":"closed","ping_status":"closed","template":"","meta":{"iawp_total_views":4,"footnotes":""},"class_list":["post-2836","page","type-page","status-publish","has-post-thumbnail","hentry","excerpt"],"jetpack_sharing_enabled":true,"_links":{"self":[{"href":"https:\/\/welschontour.de\/index.php?rest_route=\/wp\/v2\/pages\/2836","targetHints":{"allow":["GET"]}}],"collection":[{"href":"https:\/\/welschontour.de\/index.php?rest_route=\/wp\/v2\/pages"}],"about":[{"href":"https:\/\/welschontour.de\/index.php?rest_route=\/wp\/v2\/types\/page"}],"author":[{"embeddable":true,"href":"https:\/\/welschontour.de\/index.php?rest_route=\/wp\/v2\/users\/1"}],"replies":[{"embeddable":true,"href":"https:\/\/welschontour.de\/index.php?rest_route=%2Fwp%2Fv2%2Fcomments&post=2836"}],"version-history":[{"count":0,"href":"https:\/\/welschontour.de\/index.php?rest_route=\/wp\/v2\/pages\/2836\/revisions"}],"up":[{"embeddable":true,"href":"https:\/\/welschontour.de\/index.php?rest_route=\/wp\/v2\/pages\/28"}],"wp:featuredmedia":[{"embeddable":true,"href":"https:\/\/welschontour.de\/index.php?rest_route=\/wp\/v2\/media\/2841"}],"wp:attachment":[{"href":"https:\/\/welschontour.de\/index.php?rest_route=%2Fwp%2Fv2%2Fmedia&parent=2836"}],"curies":[{"name":"wp","href":"https:\/\/api.w.org\/{rel}","templated":true}]}}