{"id":2719,"date":"2021-12-31T13:09:35","date_gmt":"2021-12-31T11:09:35","guid":{"rendered":"https:\/\/welschontour.de\/?page_id=2719"},"modified":"2021-12-31T14:04:19","modified_gmt":"2021-12-31T12:04:19","slug":"wir-sind-auf-schwarzwald-tour","status":"publish","type":"page","link":"https:\/\/welschontour.de\/?page_id=2719","title":{"rendered":"Wir sind auf Schwarzwald-Tour"},"content":{"rendered":"\n<p>Goldener Oktober! Die doofe Pandemie bringt einen ja auf Ideen, auf die man sonst kaum gekommen w\u00e4re. Wir kamen zum Beispiel auf die Idee, ein <strong>Schnapserl-Wochenende im Schwarzwald<\/strong> zu verbringen! Aber der Reihe nach.<\/p>\n\n\n\n<p>Nach einem supersch\u00f6nen Alpenurlaub im Sommer im Stubaital war die Aussicht auf den Herbst mit viel Arbeit und lebenswegweisenden Entscheidungen unserer S\u00f6hne (Studium, Arbeit, Lehre &#8211; ja\/nein\/vielleicht oder doch nicht) ganz sch\u00f6n kr\u00e4ftezehrend und schwierig. Und nach dem die meisten Entscheidungen getroffen waren, sich die Aufregung langsam legte und etwas Ruhe einkehrte, war der Wunsch nach Erholung gro\u00df. Und wo erholt man sich besser, als auf Wanderschaft?!<\/p>\n\n\n\n<p>Vielleicht w\u00e4ren wir ohne Pandemie ins Flugzeug gestiegen und h\u00e4tten uns Barcelona angesehen, oder Rom &#8211; und das machen wir bestimmt bald auch einmal. Aber will man sich mit 200 Leuten ins Flugzeug setzen mit FFP2 Maske etc.? Und dann auch in einer Metropole Schlange stehen vor der La Sagrada Familia &#8211; so sch\u00f6n sie auch ist? Eigentlich nicht. Daher und aufgrund der Kurzfristigkeit und der Aussicht auf ganz sch\u00f6nes Wetter im Oktober entschieden wir uns anders, viel n\u00e4her liegend und wundersch\u00f6n: <strong>der mittlere Schwarzwald<\/strong>!<\/p>\n\n\n\n<p>Unser Wochenendziel hie\u00df <strong>Ottenh\u00f6fen <\/strong>&#8211; Ausgangspunkt zahlreicher Wanderungen, wie die zu den Allerheiligen-Wasserf\u00e4llen und zum Karlsruher Grat, bekannt f\u00fcr seine M\u00fchlen und Schnapserl-Brunnen, die hier immer mal wieder am Wegrand f\u00fcr den n\u00f6tigen &#8222;Motivations-Schugger&#8220; sorgen.<\/p>\n\n\n\n<div class=\"wp-block-image\"><figure class=\"aligncenter size-large\"><img loading=\"lazy\" decoding=\"async\" width=\"1024\" height=\"768\" src=\"https:\/\/welschontour.de\/wp-content\/uploads\/2021\/12\/221F7CC5-EF43-4428-A5CF-69F1BFB11FF1-3112-00000389EBBA21A4-1024x768.jpg\" alt=\"Ottenh\u00f6fen\" class=\"wp-image-2749\" srcset=\"https:\/\/welschontour.de\/wp-content\/uploads\/2021\/12\/221F7CC5-EF43-4428-A5CF-69F1BFB11FF1-3112-00000389EBBA21A4-1024x768.jpg 1024w, https:\/\/welschontour.de\/wp-content\/uploads\/2021\/12\/221F7CC5-EF43-4428-A5CF-69F1BFB11FF1-3112-00000389EBBA21A4-300x225.jpg 300w, https:\/\/welschontour.de\/wp-content\/uploads\/2021\/12\/221F7CC5-EF43-4428-A5CF-69F1BFB11FF1-3112-00000389EBBA21A4-768x576.jpg 768w, https:\/\/welschontour.de\/wp-content\/uploads\/2021\/12\/221F7CC5-EF43-4428-A5CF-69F1BFB11FF1-3112-00000389EBBA21A4-1536x1152.jpg 1536w, https:\/\/welschontour.de\/wp-content\/uploads\/2021\/12\/221F7CC5-EF43-4428-A5CF-69F1BFB11FF1-3112-00000389EBBA21A4-2048x1536.jpg 2048w\" sizes=\"auto, (max-width: 1024px) 100vw, 1024px\" \/><figcaption>Ottenh\u00f6fen<\/figcaption><\/figure><\/div>\n\n\n\n<p>Ottenh\u00f6fen liegt am Rande der Ortenau und nahe der Schwarzwaldhochstra\u00dfe sehr idyllisch. Der Ort hat knapp 5.000 Einwohner, daf\u00fcr aber 200 Brennereien (sagt man)! Obstb\u00e4ume &#8211; vor allem Kirschb\u00e4ume &#8211; pr\u00e4gen neben den Schwarzwaldwald-H\u00fcgeln hier das Landschaftsbild. H\u00f6fe wie der in unserem Titelbild liegen traumhaft &#8211; es ist ruhig, die Luft ist klar, das ist Erholung!<\/p>\n\n\n\n<p>Nach ausf\u00fchrlicher Recherche mieteten wir uns im Hotel Breig ein, einem kleinen, sehr sch\u00f6nen und zentral gelegenen Hotel, das uns sehr herzlich empfing.<\/p>\n\n\n\n<div class=\"wp-block-image\"><figure class=\"aligncenter size-large\"><img loading=\"lazy\" decoding=\"async\" width=\"1024\" height=\"768\" src=\"https:\/\/welschontour.de\/wp-content\/uploads\/2021\/12\/IMG_9607-1024x768.jpg\" alt=\"Hotel Breig\" class=\"wp-image-2731\" srcset=\"https:\/\/welschontour.de\/wp-content\/uploads\/2021\/12\/IMG_9607-1024x768.jpg 1024w, https:\/\/welschontour.de\/wp-content\/uploads\/2021\/12\/IMG_9607-300x225.jpg 300w, https:\/\/welschontour.de\/wp-content\/uploads\/2021\/12\/IMG_9607-768x576.jpg 768w, https:\/\/welschontour.de\/wp-content\/uploads\/2021\/12\/IMG_9607-1536x1152.jpg 1536w, https:\/\/welschontour.de\/wp-content\/uploads\/2021\/12\/IMG_9607-2048x1536.jpg 2048w\" sizes=\"auto, (max-width: 1024px) 100vw, 1024px\" \/><figcaption>Hotel-Pension Breig in Ottenh\u00f6fen<\/figcaption><\/figure><\/div>\n\n\n\n<p>Unser erstes Highlight folgte noch am Anreisetag &#8211; Freitags abends. Wir hatten einen Tisch reserviert im <a rel=\"noreferrer noopener\" href=\"https:\/\/www.schmaelzle-hof.de\/\" target=\"_blank\">Schm\u00e4lzle-Hof<\/a> &#8211; z\u00fcnftig schwarzw\u00e4lderisches Essen, liebenswert, urig und unheimlich lecker! Sehr empfehlenswert!<\/p>\n\n\n\n<p>Das Wetter versprach auch einiges f\u00fcr Samstag und Sonntag &#8211; es war also alles bereitet f\u00fcr ein Wochenende ganz nach unserem Geschmack &#8211; los geht&#8217;s!<\/p>\n\n\n\n<p>Viel Spa\u00df beim Mitwandern!<\/p>\n\n\n\n<p>Michaela und Mathias<\/p>\n","protected":false},"excerpt":{"rendered":"<p>Goldener Oktober! Die doofe Pandemie bringt einen ja auf Ideen, auf die man sonst kaum gekommen w\u00e4re. Wir kamen zum Beispiel auf die Idee, ein Schnapserl-Wochenende im Schwarzwald zu verbringen!&#8230;<\/p>\n<div class=\"more-link-wrapper\"><a class=\"more-link\" href=\"https:\/\/welschontour.de\/?page_id=2719\">Weiterlesen<span class=\"screen-reader-text\">Wir sind auf Schwarzwald-Tour<\/span><\/a><\/div>\n","protected":false},"author":1,"featured_media":2729,"parent":31,"menu_order":0,"comment_status":"closed","ping_status":"closed","template":"","meta":{"iawp_total_views":10,"footnotes":""},"class_list":["post-2719","page","type-page","status-publish","has-post-thumbnail","hentry","excerpt"],"jetpack_sharing_enabled":true,"_links":{"self":[{"href":"https:\/\/welschontour.de\/index.php?rest_route=\/wp\/v2\/pages\/2719","targetHints":{"allow":["GET"]}}],"collection":[{"href":"https:\/\/welschontour.de\/index.php?rest_route=\/wp\/v2\/pages"}],"about":[{"href":"https:\/\/welschontour.de\/index.php?rest_route=\/wp\/v2\/types\/page"}],"author":[{"embeddable":true,"href":"https:\/\/welschontour.de\/index.php?rest_route=\/wp\/v2\/users\/1"}],"replies":[{"embeddable":true,"href":"https:\/\/welschontour.de\/index.php?rest_route=%2Fwp%2Fv2%2Fcomments&post=2719"}],"version-history":[{"count":0,"href":"https:\/\/welschontour.de\/index.php?rest_route=\/wp\/v2\/pages\/2719\/revisions"}],"up":[{"embeddable":true,"href":"https:\/\/welschontour.de\/index.php?rest_route=\/wp\/v2\/pages\/31"}],"wp:featuredmedia":[{"embeddable":true,"href":"https:\/\/welschontour.de\/index.php?rest_route=\/wp\/v2\/media\/2729"}],"wp:attachment":[{"href":"https:\/\/welschontour.de\/index.php?rest_route=%2Fwp%2Fv2%2Fmedia&parent=2719"}],"curies":[{"name":"wp","href":"https:\/\/api.w.org\/{rel}","templated":true}]}}