{"id":2240,"date":"2021-07-24T16:43:28","date_gmt":"2021-07-24T14:43:28","guid":{"rendered":"https:\/\/welschontour.de\/?page_id=2240"},"modified":"2021-07-24T18:25:56","modified_gmt":"2021-07-24T16:25:56","slug":"stubaital-2021-neustift","status":"publish","type":"page","link":"https:\/\/welschontour.de\/?page_id=2240","title":{"rendered":"Stubaital 2021 &#8211; Neustift"},"content":{"rendered":"\n<h3 class=\"wp-block-heading\"><strong>Die Vorfreude steigt!<\/strong><\/h3>\n\n\n\n<p>Am 31. Juli 2021 geht es wieder los &#8211; endlich wieder Urlaub, endlich wieder raus in die Natur, endlich wieder auf die Berge!<\/p>\n\n\n\n<blockquote class=\"wp-block-quote is-layout-flow wp-block-quote-is-layout-flow\"><p><em><strong>Auf die Berge<\/strong>!<\/em><br><em>(Ludwig Eichrodt (1827-1892))<\/em><\/p><p><em>Auf die Berge m\u00f6cht ich wieder,<br>Auf die sonnenfrohen H\u00f6hen,<br>Wo die sch\u00f6nen L\u00fcfte wehen,<br>Aus der Stube, aus der Stadt!<\/em><br><em><br>Ha, die Brust, voll neuer Lieder,<br>Steig ich nieder in die Tale,<br>Sitze wonnig m\u00fcd zum Mahle,<br>Das so viel der Freuden hat.<\/em><\/p><\/blockquote>\n\n\n\n<p>Auch wenn es die Lyrik des 19. Jahrhunderts etwas kitschig ausdr\u00fcckt &#8211; wir k\u00f6nnen genau nachvollziehen, wovon Eichenrodt spricht und freuen uns riesig auf zwei weitere Wochen im <strong>Stubaital<\/strong>! Im letzten Jahr haben wir das Stubaital auch schon durchwandert, <a href=\"https:\/\/welschontour.de\/?page_id=1497\">unseren Blog von 2020 gibt&#8217;s hier<\/a> &#8211; so als kleine Einstimmung! <\/p>\n\n\n\n<p>Unser Quartier ist dasselbe wie im letzten Jahr, die <strong>&#8222;Alpenk\u00f6nigin&#8220; in Neustift-Neugasteig<\/strong>. Es ist einfach sch\u00f6n hier und f\u00fcr uns der ideale Ausgangspunkt f\u00fcr hoffentlich viele tolle Wanderungen!<\/p>\n\n\n\n<p>Und wir haben uns viel vorgenommen! Wer im letzten Jahr schon virtuell mitgewandert ist, der wei\u00df, wir stellen uns verschiedenen Herausforderungen &#8211; der Kn\u00f6del-Challenge, der Kaiserschmarrn-Challenge &#8230; \ud83d\ude09 und nat\u00fcrlich den Stubaier Seven-Summits!<\/p>\n\n\n\n<p>Von den sieben pr\u00e4genden Gipfeln des Stubaitals haben wir im letzten Jahr zwei geschafft &#8211; den <a href=\"https:\/\/welschontour.de\/?p=1725\">Elfer<\/a> und den <a href=\"https:\/\/welschontour.de\/?p=1834\">Hohen Burgstall<\/a> &#8211; und mindestens zwei weitere stehen in diesem Jahr auf dem Programm! Die <strong>Serles<\/strong> und die <strong>Rinnenspitze<\/strong> haben wir im Visier &#8211; mal schauen, ob das klappt. F\u00fcr die dann noch verbleibenden drei Berge sollte man entweder Mehrtagestouren planen, was bei der derzeitigen Corona-bedingten Situation auf den H\u00fctten nicht so richtig gut klappt, oder man muss mit Bergf\u00fchrer \u00fcber Gletschergebiet auf 3.500m &#8211; soweit sind wir noch nicht. Aber eins ist klar: <em>Irgendwann haben wir sie alle!<\/em><\/p>\n\n\n\n<p>Wir freuen uns, dass ihr mit dabei seid und mit uns mitwandert &#8211; am <strong>Samstag geht&#8217;s los<\/strong>!<\/p>\n\n\n\n<p>Viel Spa\u00df dabei!<\/p>\n\n\n\n<p>Michaela und Mathias<\/p>\n","protected":false},"excerpt":{"rendered":"<p>Die Vorfreude steigt! Am 31. Juli 2021 geht es wieder los &#8211; endlich wieder Urlaub, endlich wieder raus in die Natur, endlich wieder auf die Berge! Auf die Berge!(Ludwig Eichrodt&#8230;<\/p>\n<div class=\"more-link-wrapper\"><a class=\"more-link\" href=\"https:\/\/welschontour.de\/?page_id=2240\">Weiterlesen<span class=\"screen-reader-text\">Stubaital 2021 &#8211; Neustift<\/span><\/a><\/div>\n","protected":false},"author":1,"featured_media":2253,"parent":28,"menu_order":5,"comment_status":"closed","ping_status":"closed","template":"","meta":{"iawp_total_views":3,"footnotes":""},"class_list":["post-2240","page","type-page","status-publish","has-post-thumbnail","hentry","excerpt"],"jetpack_sharing_enabled":true,"_links":{"self":[{"href":"https:\/\/welschontour.de\/index.php?rest_route=\/wp\/v2\/pages\/2240","targetHints":{"allow":["GET"]}}],"collection":[{"href":"https:\/\/welschontour.de\/index.php?rest_route=\/wp\/v2\/pages"}],"about":[{"href":"https:\/\/welschontour.de\/index.php?rest_route=\/wp\/v2\/types\/page"}],"author":[{"embeddable":true,"href":"https:\/\/welschontour.de\/index.php?rest_route=\/wp\/v2\/users\/1"}],"replies":[{"embeddable":true,"href":"https:\/\/welschontour.de\/index.php?rest_route=%2Fwp%2Fv2%2Fcomments&post=2240"}],"version-history":[{"count":0,"href":"https:\/\/welschontour.de\/index.php?rest_route=\/wp\/v2\/pages\/2240\/revisions"}],"up":[{"embeddable":true,"href":"https:\/\/welschontour.de\/index.php?rest_route=\/wp\/v2\/pages\/28"}],"wp:featuredmedia":[{"embeddable":true,"href":"https:\/\/welschontour.de\/index.php?rest_route=\/wp\/v2\/media\/2253"}],"wp:attachment":[{"href":"https:\/\/welschontour.de\/index.php?rest_route=%2Fwp%2Fv2%2Fmedia&parent=2240"}],"curies":[{"name":"wp","href":"https:\/\/api.w.org\/{rel}","templated":true}]}}