{"id":2006,"date":"2020-10-04T19:29:58","date_gmt":"2020-10-04T17:29:58","guid":{"rendered":"https:\/\/welschontour.de\/?page_id=2006"},"modified":"2020-10-08T18:25:06","modified_gmt":"2020-10-08T16:25:06","slug":"suedtirol-2020-canazei","status":"publish","type":"page","link":"https:\/\/welschontour.de\/?page_id=2006","title":{"rendered":"S\u00fcdtirol 2020 &#8211; Canazei"},"content":{"rendered":"\n<p>Der <a href=\"https:\/\/www.dav-summit-club.de\/\" data-type=\"URL\" data-id=\"https:\/\/www.dav-summit-club.de\/\" target=\"_blank\" rel=\"noreferrer noopener\">Summit Club<\/a> ist die Reise-Veranstaltungs-Abteilung des Deutschen Alpenvereins. Noch sind wir da keine Mitglieder, aber das \u00e4ndert sich sicherlich in n\u00e4chster Zukunft.<\/p>\n\n\n\n<p>Eine gef\u00fchrte Reise mit 10 &#8211; 12 Leuten ist f\u00fcr uns schon eine kleine Herausforderung, denn wir sind es eigentlich anders gewohnt &#8211; wir planen unsere Touren selbst, versorgen uns selbst in einer Ferienwohnung und genie\u00dfen unsere eigene Geschwindigkeit. In diesem Jahr und eben auch in diesem Herbst ist ja bekanntlich Vieles anders &#8211; so auch das. <\/p>\n\n\n\n<p>Mit der Aussicht, keine Planung machen zu m\u00fcssen, sich im Hotel bedienen zu lassen, und trotzdem tolle Touren auf dem Programm stehen zu haben, haben wir uns gegenseitig \u00fcberzeugt, dass eine Woche Dolomiten mit dem DAV Summit Club doch durchaus \u00fcberlegenswert w\u00e4re. Zumal wir diese eine Woche zum Durchschnaufen mehr als n\u00f6tig haben!<\/p>\n\n\n\n<p>Und so war die Entscheidung schnell getroffen: eine Woche Dolomiten mit Wanderf\u00fchrer und 10 &#8211; 12 anderen Wanderern. Wir freuen uns wie Bolle! <\/p>\n\n\n\n<p>Hier eine kurze \u00dcbersicht auf das Programm, das uns erwartet:<\/p>\n\n\n\n<h2 class=\"wp-block-heading\">Programm<\/h2>\n\n\n\n<p><strong>1. Tag:&nbsp;Anfahrt nach Canazei<\/strong><br><br><strong>2. Tag:&nbsp;Sellajoch, 2244 m,&nbsp;und Langkofelgruppe<\/strong><br>Transfer zum Sellajoch, 2244 m, und von dort auf dem aussichtsreichen Friedrich-August-Weg immer unterhalb des Langkofels und des Plattkofels&nbsp;zur gem\u00fctlichen Plattkofelalm, 2245 m. Ausgiebige Rast und&nbsp;Abstieg ins Tal nach Campitello, 1414 m, und mit \u00f6ffentlichen Verkehrsmitteln zur\u00fcck zum Hotel.<br>Hm \u2191 350 \u2193 1000&nbsp;Gz 6 &#8211; 7 h<\/p>\n\n\n\n<p><strong>3. Tag: Sass Pordoi, 3265 m und Piz Boe, 3152 m<\/strong><br>Auffahrt mit eigenen PKW&#8217;s zum Pordoijoch, 2240 m, und weiter mit der Kabinenbahn zum Sass Pordoi, 2950 m. \u00dcber die Pordoischarte, 2829 m, und&nbsp;die Hochebene immer unterhalb des Piz Boe querend zur&nbsp;Boeh\u00fctte, 2817 m, und von dort auf den&nbsp;Piz Boe, 3152 m. Eine ausgiebige Rast l\u00e4\u00dft genug Zeit das spektakul\u00e4re Panorama zu bewundern.&nbsp;Von hier auf dem gleichen Weg aber mit v\u00f6llig anderer Perspektive zur\u00fcck zum Sass Pordoi und mit technischen Hilfsmitteln zur\u00fcck ins Tal zu den PKW&#8217;s.<br>Hm \u2191\u2193 500 Gz 4 &#8211; 5 h<\/p>\n\n\n\n<p><strong>4. Tag: Um die&nbsp;<\/strong><strong>Crepa Neigres, 2500 m<\/strong><br>Heute starten wir direkt von Canazei zu einer Wanderung um die&nbsp;Crepa Neigres, der Bergstock direkt s\u00fcdlich von Canazei. \u00dcber die Nordost h\u00e4nge hinauf und vorbei an der Baita Valeruz, 2122 m, geht es zum Joch&nbsp;&#8222;Pian de Sele&#8220;, 2361 m, und von hier auf der Via Alpina durch das Val die Crepa hinab nach Fontanazzo.<br>Hm \u2191\u2193 1100&nbsp;Gz 7 h<\/p>\n\n\n\n<p><strong>5. Tag: Dolomiten H\u00f6henweg vom Pordoipass, 2200m zum Fedaia-Stausee, 2050 m<\/strong><br>Transfer zum Passo Pordoi, 2200 m und von hier \u00fcber den Dolomitenh\u00f6henweg Nr. 2, vorbei an Rifugio Fredarola, 2380 m,&nbsp;und Rifugio Viel Dal Pan, 2450 m, hinunter zum Fedaiastausee. Hat man am Anfang noch imposante Ausblicke nach Norden auf Langkofel, Ciavazes und Pordoi, so ist ab dem Rifugio Fredarola der Blick nach S\u00fcden auf die eisgepanzerte Marmolada, den&nbsp;h\u00f6chsten Gipfel in den Dolomiten frei. Vom Fedaia Stausee Transfer zur\u00fcck nach Canazei.<br>Hm \u2191 400 \u2193 600 Gz 4,5 h<\/p>\n\n\n\n<p><strong>6. Tag: Verabschiedung<\/strong><br>Verabschiedung und Heimreise nach dem Fr\u00fchst\u00fcck.<\/p>\n","protected":false},"excerpt":{"rendered":"<p>Der Summit Club ist die Reise-Veranstaltungs-Abteilung des Deutschen Alpenvereins. Noch sind wir da keine Mitglieder, aber das \u00e4ndert sich sicherlich in n\u00e4chster Zukunft. Eine gef\u00fchrte Reise mit 10 &#8211; 12&#8230;<\/p>\n<div class=\"more-link-wrapper\"><a class=\"more-link\" href=\"https:\/\/welschontour.de\/?page_id=2006\">Weiterlesen<span class=\"screen-reader-text\">S\u00fcdtirol 2020 &#8211; Canazei<\/span><\/a><\/div>\n","protected":false},"author":1,"featured_media":2102,"parent":28,"menu_order":4,"comment_status":"closed","ping_status":"closed","template":"","meta":{"iawp_total_views":0,"footnotes":""},"class_list":["post-2006","page","type-page","status-publish","has-post-thumbnail","hentry","excerpt"],"jetpack_sharing_enabled":true,"_links":{"self":[{"href":"https:\/\/welschontour.de\/index.php?rest_route=\/wp\/v2\/pages\/2006","targetHints":{"allow":["GET"]}}],"collection":[{"href":"https:\/\/welschontour.de\/index.php?rest_route=\/wp\/v2\/pages"}],"about":[{"href":"https:\/\/welschontour.de\/index.php?rest_route=\/wp\/v2\/types\/page"}],"author":[{"embeddable":true,"href":"https:\/\/welschontour.de\/index.php?rest_route=\/wp\/v2\/users\/1"}],"replies":[{"embeddable":true,"href":"https:\/\/welschontour.de\/index.php?rest_route=%2Fwp%2Fv2%2Fcomments&post=2006"}],"version-history":[{"count":0,"href":"https:\/\/welschontour.de\/index.php?rest_route=\/wp\/v2\/pages\/2006\/revisions"}],"up":[{"embeddable":true,"href":"https:\/\/welschontour.de\/index.php?rest_route=\/wp\/v2\/pages\/28"}],"wp:featuredmedia":[{"embeddable":true,"href":"https:\/\/welschontour.de\/index.php?rest_route=\/wp\/v2\/media\/2102"}],"wp:attachment":[{"href":"https:\/\/welschontour.de\/index.php?rest_route=%2Fwp%2Fv2%2Fmedia&parent=2006"}],"curies":[{"name":"wp","href":"https:\/\/api.w.org\/{rel}","templated":true}]}}