{"id":1195,"date":"2019-12-26T19:04:42","date_gmt":"2019-12-26T17:04:42","guid":{"rendered":"https:\/\/welschontour.de\/?page_id=1195"},"modified":"2021-07-24T23:13:35","modified_gmt":"2021-07-24T21:13:35","slug":"wir-sind-auf-kul-tour","status":"publish","type":"page","link":"https:\/\/welschontour.de\/?page_id=1195","title":{"rendered":"Wir sind auf Kul-Tour!"},"content":{"rendered":"\n<p>In diesem Bereich unserer Foto-Tour Seite werden wir in unregelm\u00e4\u00dfigen Abst\u00e4nden &#8211; vielleicht ein- bis zweimal im Jahr Kurztripps zu sehenswerten Kulturst\u00e4tten mit Euch teilen.<\/p>\n\n\n\n<p>Die Idee dazu stammt von Michaela, die sich gew\u00fcnscht hat, die &#8222;Konzerth\u00e4user Europas&#8220; zu bereisen. Wer wei\u00df, vielleicht geht&#8217;s ja auch einmal weiter weg &#8211; es gibt ja auch hier viele tolle Ziele!<\/p>\n\n\n\n<p>Zum Auftakt \u00fcbertreiben wir&#8217;s aber mal noch nicht, und nehmen uns <strong>K\u00f6ln <\/strong>vor. Was wir uns da angesehen und angeh\u00f6rt haben, findet ihr hier unter <a href=\"https:\/\/welschontour.de\/?p=1201\"><em>Jauchzet! Frohlocket!<\/em><\/a> &#8211; soviel sei gesagt: es war toll!<\/p>\n\n\n\n<p>Wir hoffen, Ihr seid auch bei dieser Reihe dabei und freut Euch mit uns an sch\u00f6nen Kulturst\u00e4tten, toller Architektur und vor allem sch\u00f6ner Musik!<\/p>\n\n\n\n<p>Auf geht&#8217;s zur <strong><em>Kul-<\/em>Tour<\/strong>!<\/p>\n\n\n\n<p>Herzliche Gr\u00fc\u00dfe,<\/p>\n\n\n\n<p>Michaela und Mathias<\/p>\n","protected":false},"excerpt":{"rendered":"<p>In diesem Bereich unserer Foto-Tour Seite werden wir in unregelm\u00e4\u00dfigen Abst\u00e4nden &#8211; vielleicht ein- bis zweimal im Jahr Kurztripps zu sehenswerten Kulturst\u00e4tten mit Euch teilen. Die Idee dazu stammt von&#8230;<\/p>\n<div class=\"more-link-wrapper\"><a class=\"more-link\" href=\"https:\/\/welschontour.de\/?page_id=1195\">Weiterlesen<span class=\"screen-reader-text\">Wir sind auf Kul-Tour!<\/span><\/a><\/div>\n","protected":false},"author":1,"featured_media":1196,"parent":31,"menu_order":0,"comment_status":"closed","ping_status":"closed","template":"","meta":{"iawp_total_views":8,"footnotes":""},"class_list":["post-1195","page","type-page","status-publish","has-post-thumbnail","hentry","excerpt"],"jetpack_sharing_enabled":true,"_links":{"self":[{"href":"https:\/\/welschontour.de\/index.php?rest_route=\/wp\/v2\/pages\/1195","targetHints":{"allow":["GET"]}}],"collection":[{"href":"https:\/\/welschontour.de\/index.php?rest_route=\/wp\/v2\/pages"}],"about":[{"href":"https:\/\/welschontour.de\/index.php?rest_route=\/wp\/v2\/types\/page"}],"author":[{"embeddable":true,"href":"https:\/\/welschontour.de\/index.php?rest_route=\/wp\/v2\/users\/1"}],"replies":[{"embeddable":true,"href":"https:\/\/welschontour.de\/index.php?rest_route=%2Fwp%2Fv2%2Fcomments&post=1195"}],"version-history":[{"count":0,"href":"https:\/\/welschontour.de\/index.php?rest_route=\/wp\/v2\/pages\/1195\/revisions"}],"up":[{"embeddable":true,"href":"https:\/\/welschontour.de\/index.php?rest_route=\/wp\/v2\/pages\/31"}],"wp:featuredmedia":[{"embeddable":true,"href":"https:\/\/welschontour.de\/index.php?rest_route=\/wp\/v2\/media\/1196"}],"wp:attachment":[{"href":"https:\/\/welschontour.de\/index.php?rest_route=%2Fwp%2Fv2%2Fmedia&parent=1195"}],"curies":[{"name":"wp","href":"https:\/\/api.w.org\/{rel}","templated":true}]}}